
{"id":2146,"date":"2023-01-18T07:20:39","date_gmt":"2023-01-18T07:20:39","guid":{"rendered":"https:\/\/demo2wpopal.b-cdn.net\/autofiix\/?page_id=2146"},"modified":"2023-06-23T20:11:16","modified_gmt":"2023-06-23T20:11:16","slug":"frequently-asked-questions","status":"publish","type":"page","link":"https:\/\/www.fezakalip.com\/index.php\/frequently-asked-questions\/","title":{"rendered":"Frequently Asked Questions"},"content":{"rendered":"\t\t<div data-elementor-type=\"wp-page\" data-elementor-id=\"2146\" class=\"elementor elementor-2146\">\n\t\t\t\t\t\t\t\t\t<section class=\"elementor-section elementor-top-section elementor-element elementor-element-3894d12 elementor-section-boxed elementor-section-height-default elementor-section-height-default\" data-id=\"3894d12\" data-element_type=\"section\">\n\t\t\t\t\t\t<div class=\"elementor-container elementor-column-gap-default\">\n\t\t\t\t\t<div class=\"elementor-column elementor-col-100 elementor-top-column elementor-element elementor-element-cd2f405\" data-id=\"cd2f405\" data-element_type=\"column\">\n\t\t\t<div class=\"elementor-widget-wrap elementor-element-populated\">\n\t\t\t\t\t\t\t\t<div class=\"elementor-element elementor-element-c12c823 elementor-widget elementor-widget-image\" data-id=\"c12c823\" data-element_type=\"widget\" data-widget_type=\"image.default\">\n\t\t\t\t<div class=\"elementor-widget-container\">\n\t\t\t<style>\/*! elementor - v3.14.0 - 18-06-2023 *\/\n.elementor-widget-image{text-align:center}.elementor-widget-image a{display:inline-block}.elementor-widget-image a img[src$=\".svg\"]{width:48px}.elementor-widget-image img{vertical-align:middle;display:inline-block}<\/style>\t\t\t\t\t\t\t\t\t\t\t\t<img decoding=\"async\" width=\"980\" height=\"136\" src=\"https:\/\/www.fezakalip.com\/wp-content\/uploads\/2023\/06\/banner-1-1024x142.jpg\" class=\"attachment-large size-large wp-image-8129\" alt=\"\" loading=\"lazy\" srcset=\"https:\/\/www.fezakalip.com\/wp-content\/uploads\/2023\/06\/banner-1-1024x142.jpg 1024w, https:\/\/www.fezakalip.com\/wp-content\/uploads\/2023\/06\/banner-1-300x42.jpg 300w, https:\/\/www.fezakalip.com\/wp-content\/uploads\/2023\/06\/banner-1-768x107.jpg 768w, https:\/\/www.fezakalip.com\/wp-content\/uploads\/2023\/06\/banner-1-600x83.jpg 600w, https:\/\/www.fezakalip.com\/wp-content\/uploads\/2023\/06\/banner-1.jpg 1080w\" sizes=\"(max-width: 980px) 100vw, 980px\" \/>\t\t\t\t\t\t\t\t\t\t\t\t\t\t\t<\/div>\n\t\t\t\t<\/div>\n\t\t\t\t\t<\/div>\n\t\t<\/div>\n\t\t\t\t\t\t\t<\/div>\n\t\t<\/section>\n\t\t\t\t<section class=\"elementor-section elementor-top-section elementor-element elementor-element-7b305f9 elementor-section-boxed elementor-section-height-default elementor-section-height-default\" data-id=\"7b305f9\" data-element_type=\"section\">\n\t\t\t\t\t\t<div class=\"elementor-container elementor-column-gap-default\">\n\t\t\t\t\t<div class=\"elementor-column elementor-col-33 elementor-top-column elementor-element elementor-element-7f3a70b\" data-id=\"7f3a70b\" data-element_type=\"column\">\n\t\t\t<div class=\"elementor-widget-wrap elementor-element-populated\">\n\t\t\t\t\t\t\t\t<div class=\"elementor-element elementor-element-4ef0288 elementor-widget elementor-widget-image\" data-id=\"4ef0288\" data-element_type=\"widget\" data-widget_type=\"image.default\">\n\t\t\t\t<div class=\"elementor-widget-container\">\n\t\t\t\t\t\t\t\t\t\t\t\t\t\t\t<img decoding=\"async\" width=\"980\" height=\"980\" src=\"https:\/\/www.fezakalip.com\/wp-content\/uploads\/2023\/06\/kaliptasarim-1024x1024.jpg\" class=\"attachment-large size-large wp-image-8130\" alt=\"\" loading=\"lazy\" srcset=\"https:\/\/www.fezakalip.com\/wp-content\/uploads\/2023\/06\/kaliptasarim-1024x1024.jpg 1024w, https:\/\/www.fezakalip.com\/wp-content\/uploads\/2023\/06\/kaliptasarim-300x300.jpg 300w, https:\/\/www.fezakalip.com\/wp-content\/uploads\/2023\/06\/kaliptasarim-150x150.jpg 150w, https:\/\/www.fezakalip.com\/wp-content\/uploads\/2023\/06\/kaliptasarim-768x768.jpg 768w, https:\/\/www.fezakalip.com\/wp-content\/uploads\/2023\/06\/kaliptasarim-600x600.jpg 600w, https:\/\/www.fezakalip.com\/wp-content\/uploads\/2023\/06\/kaliptasarim-100x100.jpg 100w, https:\/\/www.fezakalip.com\/wp-content\/uploads\/2023\/06\/kaliptasarim.jpg 1080w\" sizes=\"(max-width: 980px) 100vw, 980px\" \/>\t\t\t\t\t\t\t\t\t\t\t\t\t\t\t<\/div>\n\t\t\t\t<\/div>\n\t\t\t\t\t<\/div>\n\t\t<\/div>\n\t\t\t\t<div class=\"elementor-column elementor-col-66 elementor-top-column elementor-element elementor-element-e234f0a\" data-id=\"e234f0a\" data-element_type=\"column\">\n\t\t\t<div class=\"elementor-widget-wrap elementor-element-populated\">\n\t\t\t\t\t\t\t\t<div class=\"elementor-element elementor-element-06cae02 elementor-widget elementor-widget-text-editor\" data-id=\"06cae02\" data-element_type=\"widget\" data-widget_type=\"text-editor.default\">\n\t\t\t\t<div class=\"elementor-widget-container\">\n\t\t\t<style>\/*! elementor - v3.14.0 - 18-06-2023 *\/\n.elementor-widget-text-editor.elementor-drop-cap-view-stacked .elementor-drop-cap{background-color:#69727d;color:#fff}.elementor-widget-text-editor.elementor-drop-cap-view-framed .elementor-drop-cap{color:#69727d;border:3px solid;background-color:transparent}.elementor-widget-text-editor:not(.elementor-drop-cap-view-default) .elementor-drop-cap{margin-top:8px}.elementor-widget-text-editor:not(.elementor-drop-cap-view-default) .elementor-drop-cap-letter{width:1em;height:1em}.elementor-widget-text-editor .elementor-drop-cap{float:left;text-align:center;line-height:1;font-size:50px}.elementor-widget-text-editor .elementor-drop-cap-letter{display:inline-block}<\/style>\t\t\t\t<h4>Sizin \u0130\u00e7in Tasarl\u0131yoruz<\/h4><p>Kal\u0131p \u00fcretimi, bir\u00e7ok sekt\u00f6rde kullan\u0131lan par\u00e7alar\u0131n hassas ve m\u00fckemmel \u015fekillerini olu\u015fturmak i\u00e7in temel bir s\u00fcre\u00e7tir. Feza Makine Kal\u0131p, bu alanda Konya merkezli \u00f6nc\u00fc bir firma olarak faaliyet g\u00f6stermektedir. M\u00fc\u015fteri memnuniyetine odaklanan ve m\u00fckemmelli\u011fi hedefleyen Feza Makine Kal\u0131p, kaliteli \u00fcr\u00fcnleri, yenilik\u00e7i tasar\u0131mlar\u0131 ve etkileyici sat\u0131\u015f sonras\u0131 deste\u011fi ile sekt\u00f6rdeki \u00f6nc\u00fc konumunu korumaktad\u0131r.<\/p><p>Feza Makine Kal\u0131p, kal\u0131p \u00fcretim s\u00fcrecinin en \u00f6nemli a\u015famalar\u0131ndan biri olan tasar\u0131m konusunda uzmanla\u015fm\u0131\u015f bir ekip taraf\u0131ndan y\u00f6nlendirilmektedir. M\u00fc\u015fteri talepleri ve ihtiya\u00e7lar\u0131 do\u011frultusunda \u00f6zelle\u015ftirilmi\u015f tasar\u0131mlar olu\u015fturulur. Bu a\u015famada, son teknoloji CAD\/CAM yaz\u0131l\u0131mlar\u0131 kullan\u0131larak detayl\u0131 3D modellemeler yap\u0131l\u0131r ve tasar\u0131mlar\u0131n hassasiyeti ve kalitesi sa\u011flan\u0131r. Feza Makine Kal\u0131p&#8217;\u0131n uzman tasar\u0131m ekibi, m\u00fc\u015fterilerinin beklentilerini a\u015fan sonu\u00e7lar elde etmek i\u00e7in s\u00fcrekli olarak yenilik\u00e7i yakla\u015f\u0131mlar geli\u015ftirir.<\/p>\t\t\t\t\t\t<\/div>\n\t\t\t\t<\/div>\n\t\t\t\t\t<\/div>\n\t\t<\/div>\n\t\t\t\t\t\t\t<\/div>\n\t\t<\/section>\n\t\t\t\t<section class=\"elementor-section elementor-top-section elementor-element elementor-element-46c89dd elementor-section-boxed elementor-section-height-default elementor-section-height-default\" data-id=\"46c89dd\" data-element_type=\"section\">\n\t\t\t\t\t\t<div class=\"elementor-container elementor-column-gap-default\">\n\t\t\t\t\t<div class=\"elementor-column elementor-col-33 elementor-top-column elementor-element elementor-element-7b8a6fc\" data-id=\"7b8a6fc\" data-element_type=\"column\">\n\t\t\t<div class=\"elementor-widget-wrap elementor-element-populated\">\n\t\t\t\t\t\t\t\t<div class=\"elementor-element elementor-element-c228a19 elementor-widget elementor-widget-image\" data-id=\"c228a19\" data-element_type=\"widget\" data-widget_type=\"image.default\">\n\t\t\t\t<div class=\"elementor-widget-container\">\n\t\t\t\t\t\t\t\t\t\t\t\t\t\t\t<img decoding=\"async\" width=\"980\" height=\"980\" src=\"https:\/\/www.fezakalip.com\/wp-content\/uploads\/2023\/06\/kalip-1024x1024.jpg\" class=\"attachment-large size-large wp-image-8131\" alt=\"\" loading=\"lazy\" srcset=\"https:\/\/www.fezakalip.com\/wp-content\/uploads\/2023\/06\/kalip-1024x1024.jpg 1024w, https:\/\/www.fezakalip.com\/wp-content\/uploads\/2023\/06\/kalip-300x300.jpg 300w, https:\/\/www.fezakalip.com\/wp-content\/uploads\/2023\/06\/kalip-150x150.jpg 150w, https:\/\/www.fezakalip.com\/wp-content\/uploads\/2023\/06\/kalip-768x768.jpg 768w, https:\/\/www.fezakalip.com\/wp-content\/uploads\/2023\/06\/kalip-600x600.jpg 600w, https:\/\/www.fezakalip.com\/wp-content\/uploads\/2023\/06\/kalip-100x100.jpg 100w, https:\/\/www.fezakalip.com\/wp-content\/uploads\/2023\/06\/kalip.jpg 1080w\" sizes=\"(max-width: 980px) 100vw, 980px\" \/>\t\t\t\t\t\t\t\t\t\t\t\t\t\t\t<\/div>\n\t\t\t\t<\/div>\n\t\t\t\t\t<\/div>\n\t\t<\/div>\n\t\t\t\t<div class=\"elementor-column elementor-col-66 elementor-top-column elementor-element elementor-element-d08665d\" data-id=\"d08665d\" data-element_type=\"column\">\n\t\t\t<div class=\"elementor-widget-wrap elementor-element-populated\">\n\t\t\t\t\t\t\t\t<div class=\"elementor-element elementor-element-7cc31f2 elementor-widget elementor-widget-text-editor\" data-id=\"7cc31f2\" data-element_type=\"widget\" data-widget_type=\"text-editor.default\">\n\t\t\t\t<div class=\"elementor-widget-container\">\n\t\t\t\t\t\t\t<h4>En Hassas Metodlar ile \u00dcretiyoruz<\/h4><p>Feza Makine Kal\u0131p, modern ve y\u00fcksek hassasiyetli ekipmanlara sahip \u00fcretim tesisleri ile kal\u0131p \u00fcretimi konusunda liderdir. Y\u00fcksek kaliteli malzemeler kullan\u0131larak, m\u00fc\u015fteri taleplerine g\u00f6re \u00f6zelle\u015ftirilmi\u015f kal\u0131plar \u00fcretilir. \u00dcretim s\u00fcreci, titizlikle denetlenen kalite kontrol prosed\u00fcrleriyle desteklenir. Feza Makine Kal\u0131p&#8217;\u0131n deneyimli ve uzman kadrosu, kal\u0131p \u00fcretiminde en son teknolojileri kullanarak hassas ve dayan\u0131kl\u0131 kal\u0131plar \u00fcretmektedir. M\u00fc\u015fteriye \u00f6zel \u00fcretim s\u00fcreci ile zaman\u0131nda teslimat ve m\u00fckemmellik garantilenir.<\/p>\t\t\t\t\t\t<\/div>\n\t\t\t\t<\/div>\n\t\t\t\t\t<\/div>\n\t\t<\/div>\n\t\t\t\t\t\t\t<\/div>\n\t\t<\/section>\n\t\t\t\t<section class=\"elementor-section elementor-top-section elementor-element elementor-element-eb9e2e3 elementor-section-boxed elementor-section-height-default elementor-section-height-default\" data-id=\"eb9e2e3\" data-element_type=\"section\">\n\t\t\t\t\t\t<div class=\"elementor-container elementor-column-gap-default\">\n\t\t\t\t\t<div class=\"elementor-column elementor-col-33 elementor-top-column elementor-element elementor-element-8845865\" data-id=\"8845865\" data-element_type=\"column\">\n\t\t\t<div class=\"elementor-widget-wrap elementor-element-populated\">\n\t\t\t\t\t\t\t\t<div class=\"elementor-element elementor-element-d1c4076 elementor-widget elementor-widget-image\" data-id=\"d1c4076\" data-element_type=\"widget\" data-widget_type=\"image.default\">\n\t\t\t\t<div class=\"elementor-widget-container\">\n\t\t\t\t\t\t\t\t\t\t\t\t\t\t\t<img decoding=\"async\" width=\"980\" height=\"980\" src=\"https:\/\/www.fezakalip.com\/wp-content\/uploads\/2023\/06\/kalipuretim-1024x1024.jpg\" class=\"attachment-large size-large wp-image-8132\" alt=\"\" loading=\"lazy\" srcset=\"https:\/\/www.fezakalip.com\/wp-content\/uploads\/2023\/06\/kalipuretim-1024x1024.jpg 1024w, https:\/\/www.fezakalip.com\/wp-content\/uploads\/2023\/06\/kalipuretim-300x300.jpg 300w, https:\/\/www.fezakalip.com\/wp-content\/uploads\/2023\/06\/kalipuretim-150x150.jpg 150w, https:\/\/www.fezakalip.com\/wp-content\/uploads\/2023\/06\/kalipuretim-768x768.jpg 768w, https:\/\/www.fezakalip.com\/wp-content\/uploads\/2023\/06\/kalipuretim-600x600.jpg 600w, https:\/\/www.fezakalip.com\/wp-content\/uploads\/2023\/06\/kalipuretim-100x100.jpg 100w, https:\/\/www.fezakalip.com\/wp-content\/uploads\/2023\/06\/kalipuretim.jpg 1080w\" sizes=\"(max-width: 980px) 100vw, 980px\" \/>\t\t\t\t\t\t\t\t\t\t\t\t\t\t\t<\/div>\n\t\t\t\t<\/div>\n\t\t\t\t\t<\/div>\n\t\t<\/div>\n\t\t\t\t<div class=\"elementor-column elementor-col-66 elementor-top-column elementor-element elementor-element-74441a2\" data-id=\"74441a2\" data-element_type=\"column\">\n\t\t\t<div class=\"elementor-widget-wrap elementor-element-populated\">\n\t\t\t\t\t\t\t\t<div class=\"elementor-element elementor-element-e081c28 elementor-widget elementor-widget-text-editor\" data-id=\"e081c28\" data-element_type=\"widget\" data-widget_type=\"text-editor.default\">\n\t\t\t\t<div class=\"elementor-widget-container\">\n\t\t\t\t\t\t\t<h4>Sat\u0131\u015f Sonras\u0131 da Yan\u0131n\u0131zday\u0131z<\/h4><p>Feza Makine Kal\u0131p, m\u00fc\u015fteri memnuniyetini en \u00fcst d\u00fczeyde tutmak i\u00e7in sat\u0131\u015f sonras\u0131 deste\u011fi konusunda b\u00fcy\u00fck bir \u00f6nem vermektedir. M\u00fc\u015fterilerimiz, sat\u0131n ald\u0131klar\u0131 kal\u0131plarla ilgili herhangi bir sorun veya ihtiya\u00e7 duydu\u011funda her zaman bir telefon kadar uza\u011f\u0131nday\u0131z. Uzaktan ve yerinde deste\u011fimiz ile s\u00fcre\u00e7leri aksamas\u0131n ve \u00fcretimleri durmas\u0131n diye gece g\u00fcnd\u00fcz i\u015fimizin ba\u015f\u0131nday\u0131z.\u00a0<\/p>\t\t\t\t\t\t<\/div>\n\t\t\t\t<\/div>\n\t\t\t\t\t<\/div>\n\t\t<\/div>\n\t\t\t\t\t\t\t<\/div>\n\t\t<\/section>\n\t\t\t\t\t\t\t<\/div>\n\t\t","protected":false},"excerpt":{"rendered":"<p>Sizin \u0130\u00e7in Tasarl\u0131yoruz Kal\u0131p \u00fcretimi, bir\u00e7ok sekt\u00f6rde kullan\u0131lan par\u00e7alar\u0131n hassas ve m\u00fckemmel \u015fekillerini olu\u015fturmak i\u00e7in temel bir s\u00fcre\u00e7tir. Feza Makine Kal\u0131p, bu alanda Konya merkezli \u00f6nc\u00fc bir firma olarak faaliyet g\u00f6stermektedir. M\u00fc\u015fteri memnuniyetine odaklanan ve m\u00fckemmelli\u011fi hedefleyen Feza Makine Kal\u0131p, kaliteli \u00fcr\u00fcnleri, yenilik\u00e7i tasar\u0131mlar\u0131 ve etkileyici sat\u0131\u015f sonras\u0131 deste\u011fi ile sekt\u00f6rdeki \u00f6nc\u00fc konumunu korumaktad\u0131r. Feza [&hellip;]<\/p>\n","protected":false},"author":1,"featured_media":0,"parent":0,"menu_order":0,"comment_status":"closed","ping_status":"closed","template":"elementor_header_footer","meta":{"inline_featured_image":false},"_links":{"self":[{"href":"https:\/\/www.fezakalip.com\/index.php\/wp-json\/wp\/v2\/pages\/2146"}],"collection":[{"href":"https:\/\/www.fezakalip.com\/index.php\/wp-json\/wp\/v2\/pages"}],"about":[{"href":"https:\/\/www.fezakalip.com\/index.php\/wp-json\/wp\/v2\/types\/page"}],"author":[{"embeddable":true,"href":"https:\/\/www.fezakalip.com\/index.php\/wp-json\/wp\/v2\/users\/1"}],"replies":[{"embeddable":true,"href":"https:\/\/www.fezakalip.com\/index.php\/wp-json\/wp\/v2\/comments?post=2146"}],"version-history":[{"count":15,"href":"https:\/\/www.fezakalip.com\/index.php\/wp-json\/wp\/v2\/pages\/2146\/revisions"}],"predecessor-version":[{"id":8142,"href":"https:\/\/www.fezakalip.com\/index.php\/wp-json\/wp\/v2\/pages\/2146\/revisions\/8142"}],"wp:attachment":[{"href":"https:\/\/www.fezakalip.com\/index.php\/wp-json\/wp\/v2\/media?parent=2146"}],"curies":[{"name":"wp","href":"https:\/\/api.w.org\/{rel}","templated":true}]}}