
{"id":1873,"date":"2023-01-17T10:25:27","date_gmt":"2023-01-17T10:25:27","guid":{"rendered":"https:\/\/demo2wpopal.b-cdn.net\/autofiix\/?page_id=1873"},"modified":"2023-07-09T14:08:10","modified_gmt":"2023-07-09T14:08:10","slug":"about-us","status":"publish","type":"page","link":"https:\/\/www.fezakalip.com\/index.php\/about-us\/","title":{"rendered":"About Us"},"content":{"rendered":"\t\t<div data-elementor-type=\"wp-page\" data-elementor-id=\"1873\" class=\"elementor elementor-1873\">\n\t\t\t\t\t\t\t\t\t<div class=\"elementor-section elementor-top-section elementor-element elementor-element-6ce49e7 elementor-section-stretched elementor-section-boxed elementor-section-height-default elementor-section-height-default\" data-id=\"6ce49e7\" data-element_type=\"section\" data-settings=\"{&quot;stretch_section&quot;:&quot;section-stretched&quot;,&quot;background_background&quot;:&quot;classic&quot;}\">\n\t\t\t\t\t\t<div class=\"elementor-container elementor-column-gap-no\">\n\t\t\t\t\t<div class=\"elementor-column elementor-col-100 elementor-top-column elementor-element elementor-element-85060ed\" data-id=\"85060ed\" data-element_type=\"column\">\n\t\t\t<div class=\"elementor-widget-wrap\">\n\t\t\t\t\t\t\t\t\t<\/div>\n\t\t<\/div>\n\t\t\t\t\t\t\t<\/div>\n\t\t<\/div>\n\t\t\t\t<section class=\"elementor-section elementor-top-section elementor-element elementor-element-ae90b53 elementor-section-boxed elementor-section-height-default elementor-section-height-default\" data-id=\"ae90b53\" data-element_type=\"section\">\n\t\t\t\t\t\t<div class=\"elementor-container elementor-column-gap-default\">\n\t\t\t\t\t<div class=\"elementor-column elementor-col-33 elementor-top-column elementor-element elementor-element-c4a20a9\" data-id=\"c4a20a9\" data-element_type=\"column\">\n\t\t\t<div class=\"elementor-widget-wrap elementor-element-populated\">\n\t\t\t\t\t\t\t\t<div class=\"elementor-element elementor-element-b59f55b elementor-widget elementor-widget-image\" data-id=\"b59f55b\" data-element_type=\"widget\" data-widget_type=\"image.default\">\n\t\t\t\t<div class=\"elementor-widget-container\">\n\t\t\t<style>\/*! elementor - v3.14.0 - 18-06-2023 *\/\n.elementor-widget-image{text-align:center}.elementor-widget-image a{display:inline-block}.elementor-widget-image a img[src$=\".svg\"]{width:48px}.elementor-widget-image img{vertical-align:middle;display:inline-block}<\/style>\t\t\t\t\t\t\t\t\t\t\t\t<img decoding=\"async\" width=\"980\" height=\"653\" src=\"https:\/\/www.fezakalip.com\/wp-content\/uploads\/2023\/06\/feza-1024x682.jpg\" class=\"attachment-large size-large wp-image-7892\" alt=\"\" loading=\"lazy\" srcset=\"https:\/\/www.fezakalip.com\/wp-content\/uploads\/2023\/06\/feza-1024x682.jpg 1024w, https:\/\/www.fezakalip.com\/wp-content\/uploads\/2023\/06\/feza-300x200.jpg 300w, https:\/\/www.fezakalip.com\/wp-content\/uploads\/2023\/06\/feza-768x512.jpg 768w, https:\/\/www.fezakalip.com\/wp-content\/uploads\/2023\/06\/feza-1536x1024.jpg 1536w, https:\/\/www.fezakalip.com\/wp-content\/uploads\/2023\/06\/feza-1320x880.jpg 1320w, https:\/\/www.fezakalip.com\/wp-content\/uploads\/2023\/06\/feza-600x400.jpg 600w, https:\/\/www.fezakalip.com\/wp-content\/uploads\/2023\/06\/feza.jpg 2000w\" sizes=\"(max-width: 980px) 100vw, 980px\" \/>\t\t\t\t\t\t\t\t\t\t\t\t\t\t\t<\/div>\n\t\t\t\t<\/div>\n\t\t\t\t\t<\/div>\n\t\t<\/div>\n\t\t\t\t<div class=\"elementor-column elementor-col-66 elementor-top-column elementor-element elementor-element-edb7b25\" data-id=\"edb7b25\" data-element_type=\"column\">\n\t\t\t<div class=\"elementor-widget-wrap elementor-element-populated\">\n\t\t\t\t\t\t\t\t<div class=\"elementor-element elementor-element-cd7a22a elementor-widget elementor-widget-text-editor\" data-id=\"cd7a22a\" data-element_type=\"widget\" data-widget_type=\"text-editor.default\">\n\t\t\t\t<div class=\"elementor-widget-container\">\n\t\t\t<style>\/*! elementor - v3.14.0 - 18-06-2023 *\/\n.elementor-widget-text-editor.elementor-drop-cap-view-stacked .elementor-drop-cap{background-color:#69727d;color:#fff}.elementor-widget-text-editor.elementor-drop-cap-view-framed .elementor-drop-cap{color:#69727d;border:3px solid;background-color:transparent}.elementor-widget-text-editor:not(.elementor-drop-cap-view-default) .elementor-drop-cap{margin-top:8px}.elementor-widget-text-editor:not(.elementor-drop-cap-view-default) .elementor-drop-cap-letter{width:1em;height:1em}.elementor-widget-text-editor .elementor-drop-cap{float:left;text-align:center;line-height:1;font-size:50px}.elementor-widget-text-editor .elementor-drop-cap-letter{display:inline-block}<\/style>\t\t\t\t<h5 style=\"margin: 0cm; background: white;\"><span style=\"font-family: 'Raleway',serif; color: black;\">Feza Makine Kal\u0131p ;<\/span><\/h5><p>M\u00fc\u015fterilerimize y\u00fcksek kaliteli kal\u0131p \u00fcretimi ve m\u00fckemmel hizmet sunmay\u0131 taahh\u00fct ediyoruz. Kurulu\u015fumuz, modern teknolojiyle donat\u0131lm\u0131\u015f tesislerde, kalite odakl\u0131 bir yakla\u015f\u0131mla \u00e7al\u0131\u015fmaktad\u0131r. Tecr\u00fcbeli ekibimiz ve sekt\u00f6rdeki bilgi birikimimiz sayesinde, m\u00fc\u015fterilerimize en iyi \u00e7\u00f6z\u00fcmleri sunmay\u0131 ama\u00e7l\u0131yoruz.<\/p><p>M\u00fc\u015fteri memnuniyeti, i\u015fimizin temel de\u011feridir ve hedefimizdir. Her bir m\u00fc\u015fterimizin ihtiya\u00e7lar\u0131n\u0131 anlamak ve beklentilerini a\u015fmak i\u00e7in \u00e7aba sarf ediyoruz. \u0130\u015fbirli\u011fi ve a\u00e7\u0131k ileti\u015fim prensipleriyle m\u00fc\u015fterilerimizle g\u00fc\u00e7l\u00fc bir ili\u015fki kuruyoruz. Her projeyi \u00f6zelle\u015ftirerek, m\u00fc\u015fterilerimize en uygun \u00e7\u00f6z\u00fcmleri sunmaktan gurur duyuyoruz.<\/p><p>Teknolojik yeniliklere olan ba\u011fl\u0131l\u0131\u011f\u0131m\u0131z, i\u015fimizin ayr\u0131lmaz bir par\u00e7as\u0131d\u0131r. S\u00fcrekli olarak sekt\u00f6rdeki en son geli\u015fmeleri takip ediyor ve \u00fcretim s\u00fcre\u00e7lerimizi optimize etmek i\u00e7in en son teknolojileri kullan\u0131yoruz. Kal\u0131p tasar\u0131m\u0131ndan \u00fcretim s\u00fcrecine kadar her a\u015famada y\u00fcksek kalite standartlar\u0131n\u0131 koruyoruz. Geli\u015fmi\u015f makine parkurumuz ve ileri \u00fcretim tekniklerimiz, m\u00fc\u015fterilerimize en \u00fcst d\u00fczeyde hassasiyet ve do\u011fruluk sa\u011flamaktad\u0131r.<\/p><p>Feza Makine Kal\u0131p olarak, sekt\u00f6rdeki geni\u015f referanslar\u0131m\u0131zla gurur duyuyoruz. Sekt\u00f6rdeki \u00f6nde gelen markalarla olan uzun soluklu i\u015fbirliklerimiz, kalitemizin ve g\u00fcvenilirli\u011fimizin bir kan\u0131t\u0131d\u0131r. M\u00fc\u015fteri memnuniyetine verdi\u011fimiz \u00f6nem, referanslar\u0131m\u0131z\u0131n temelini olu\u015fturur. Ge\u00e7mi\u015f projelerimizde ba\u015far\u0131 elde etmemiz, gelecekteki m\u00fc\u015fterilerimize de ayn\u0131 \u00fcst\u00fcn kaliteyi sunaca\u011f\u0131m\u0131z\u0131n bir taahh\u00fcd\u00fcd\u00fcr.<\/p><p>Feza Makine Kal\u0131p olarak, sekt\u00f6rdeki liderli\u011fimizi s\u00fcrd\u00fcrmek ve m\u00fc\u015fterilerimize en iyi hizmeti sunmak i\u00e7in s\u00fcrekli olarak kendimizi geli\u015ftiriyoruz. E\u011fitimli ve motive bir ekiple \u00e7al\u0131\u015f\u0131yor, s\u00fcrekli iyile\u015ftirme ve yenilik\u00e7ilik \u00fczerine odaklan\u0131yoruz.<\/p>\t\t\t\t\t\t<\/div>\n\t\t\t\t<\/div>\n\t\t\t\t\t<\/div>\n\t\t<\/div>\n\t\t\t\t\t\t\t<\/div>\n\t\t<\/section>\n\t\t\t\t<div class=\"elementor-section elementor-top-section elementor-element elementor-element-ec2592a elementor-section-stretched elementor-section-boxed elementor-section-height-default elementor-section-height-default\" data-id=\"ec2592a\" data-element_type=\"section\" data-settings=\"{&quot;stretch_section&quot;:&quot;section-stretched&quot;,&quot;background_background&quot;:&quot;classic&quot;}\">\n\t\t\t\t\t\t<div class=\"elementor-container elementor-column-gap-no\">\n\t\t\t\t\t<div class=\"elementor-column elementor-col-100 elementor-top-column elementor-element elementor-element-93cee85\" data-id=\"93cee85\" data-element_type=\"column\">\n\t\t\t<div class=\"elementor-widget-wrap elementor-element-populated\">\n\t\t\t\t\t\t\t\t<div class=\"elementor-section elementor-inner-section elementor-element elementor-element-4f10732 elementor-section-full_width elementor-section-height-default elementor-section-height-default\" data-id=\"4f10732\" data-element_type=\"section\">\n\t\t\t\t\t\t<div class=\"elementor-container elementor-column-gap-no\">\n\t\t\t\t\t<div class=\"elementor-column elementor-col-25 elementor-inner-column elementor-element elementor-element-ec53aab\" data-id=\"ec53aab\" data-element_type=\"column\">\n\t\t\t<div class=\"elementor-widget-wrap elementor-element-populated\">\n\t\t\t\t\t\t\t\t<div class=\"elementor-element elementor-element-941bc91 elementor-position-top elementor-view-default elementor-mobile-position-top elementor-vertical-align-top elementor-widget elementor-widget-icon-box\" data-id=\"941bc91\" data-element_type=\"widget\" data-widget_type=\"icon-box.default\">\n\t\t\t\t<div class=\"elementor-widget-container\">\n\t\t\t<link rel=\"stylesheet\" href=\"http:\/\/www.fezakalip.com\/wp-content\/uploads\/elementor\/css\/custom-widget-icon-box.min.css?ver=1687242926\">\t\t<div class=\"elementor-icon-box-wrapper\">\n\t\t\t\t\t\t<div class=\"elementor-icon-box-icon\">\n\t\t\t\t<span class=\"elementor-icon elementor-animation-grow\" >\n\t\t\t\t<i aria-hidden=\"true\" class=\"far fa-star\"><\/i>\t\t\t\t<\/span>\n\t\t\t<\/div>\n\t\t\t\t\t\t<div class=\"elementor-icon-box-content\">\n\t\t\t\t<h3 class=\"elementor-icon-box-title\">\n\t\t\t\t\t<span  >\n\t\t\t\t\t\tKalite \t\t\t\t\t<\/span>\n\t\t\t\t<\/h3>\n\t\t\t\t\t\t\t\t\t<p class=\"elementor-icon-box-description\">\n\t\t\t\t\t\t\u00dcretimin her a\u015famas\u0131nda yapm\u0131\u015f oldu\u011fumuz kalite kontroller sayesinde kaliteden asla \u00f6d\u00fcn vermeden \u00fcretim yap\u0131yoruz.\t\t\t\t\t<\/p>\n\t\t\t\t\t\t\t<\/div>\n\t\t<\/div>\n\t\t\t\t<\/div>\n\t\t\t\t<\/div>\n\t\t\t\t\t<\/div>\n\t\t<\/div>\n\t\t\t\t<div class=\"elementor-column elementor-col-25 elementor-inner-column elementor-element elementor-element-9339b18\" data-id=\"9339b18\" data-element_type=\"column\">\n\t\t\t<div class=\"elementor-widget-wrap elementor-element-populated\">\n\t\t\t\t\t\t\t\t<div class=\"elementor-element elementor-element-98b7a7e elementor-position-top elementor-view-default elementor-mobile-position-top elementor-vertical-align-top elementor-widget elementor-widget-icon-box\" data-id=\"98b7a7e\" data-element_type=\"widget\" data-widget_type=\"icon-box.default\">\n\t\t\t\t<div class=\"elementor-widget-container\">\n\t\t\t\t\t<div class=\"elementor-icon-box-wrapper\">\n\t\t\t\t\t\t<div class=\"elementor-icon-box-icon\">\n\t\t\t\t<span class=\"elementor-icon elementor-animation-grow\" >\n\t\t\t\t<i aria-hidden=\"true\" class=\"far fa-check-circle\"><\/i>\t\t\t\t<\/span>\n\t\t\t<\/div>\n\t\t\t\t\t\t<div class=\"elementor-icon-box-content\">\n\t\t\t\t<h3 class=\"elementor-icon-box-title\">\n\t\t\t\t\t<span  >\n\t\t\t\t\t\tUygun Fiyat\t\t\t\t\t<\/span>\n\t\t\t\t<\/h3>\n\t\t\t\t\t\t\t\t\t<p class=\"elementor-icon-box-description\">\n\t\t\t\t\t\tVerdi\u011fimiz tekliflerde \u00f6nceli\u011fimiz para kazanmak de\u011fil sizi kazanmak. Fiyat verme a\u015famas\u0131nda \u00f6nceli\u011fimiz sizin memnuniyetiniz.\t\t\t\t\t<\/p>\n\t\t\t\t\t\t\t<\/div>\n\t\t<\/div>\n\t\t\t\t<\/div>\n\t\t\t\t<\/div>\n\t\t\t\t\t<\/div>\n\t\t<\/div>\n\t\t\t\t<div class=\"elementor-column elementor-col-25 elementor-inner-column elementor-element elementor-element-9715a24\" data-id=\"9715a24\" data-element_type=\"column\">\n\t\t\t<div class=\"elementor-widget-wrap elementor-element-populated\">\n\t\t\t\t\t\t\t\t<div class=\"elementor-element elementor-element-ff5579b elementor-position-top elementor-view-default elementor-mobile-position-top elementor-vertical-align-top elementor-widget elementor-widget-icon-box\" data-id=\"ff5579b\" data-element_type=\"widget\" data-widget_type=\"icon-box.default\">\n\t\t\t\t<div class=\"elementor-widget-container\">\n\t\t\t\t\t<div class=\"elementor-icon-box-wrapper\">\n\t\t\t\t\t\t<div class=\"elementor-icon-box-icon\">\n\t\t\t\t<span class=\"elementor-icon elementor-animation-grow\" >\n\t\t\t\t<i aria-hidden=\"true\" class=\"far fa-hourglass\"><\/i>\t\t\t\t<\/span>\n\t\t\t<\/div>\n\t\t\t\t\t\t<div class=\"elementor-icon-box-content\">\n\t\t\t\t<h3 class=\"elementor-icon-box-title\">\n\t\t\t\t\t<span  >\n\t\t\t\t\t\tZaman\u0131nda Teslim\t\t\t\t\t<\/span>\n\t\t\t\t<\/h3>\n\t\t\t\t\t\t\t\t\t<p class=\"elementor-icon-box-description\">\n\t\t\t\t\t\tS\u00f6z verdi\u011fimiz zamanda teslim etmekbizim i\u00e7in bir kurald\u0131r. Zaman\u0131nda teslim edilen bir i\u015f aksamayan \u00fcretim demektir.\t\t\t\t\t<\/p>\n\t\t\t\t\t\t\t<\/div>\n\t\t<\/div>\n\t\t\t\t<\/div>\n\t\t\t\t<\/div>\n\t\t\t\t\t<\/div>\n\t\t<\/div>\n\t\t\t\t<div class=\"elementor-column elementor-col-25 elementor-inner-column elementor-element elementor-element-befde89\" data-id=\"befde89\" data-element_type=\"column\">\n\t\t\t<div class=\"elementor-widget-wrap elementor-element-populated\">\n\t\t\t\t\t\t\t\t<div class=\"elementor-element elementor-element-f565b7c elementor-position-top elementor-view-default elementor-mobile-position-top elementor-vertical-align-top elementor-widget elementor-widget-icon-box\" data-id=\"f565b7c\" data-element_type=\"widget\" data-widget_type=\"icon-box.default\">\n\t\t\t\t<div class=\"elementor-widget-container\">\n\t\t\t\t\t<div class=\"elementor-icon-box-wrapper\">\n\t\t\t\t\t\t<div class=\"elementor-icon-box-icon\">\n\t\t\t\t<span class=\"elementor-icon elementor-animation-grow\" >\n\t\t\t\t<i aria-hidden=\"true\" class=\"far fa-flag\"><\/i>\t\t\t\t<\/span>\n\t\t\t<\/div>\n\t\t\t\t\t\t<div class=\"elementor-icon-box-content\">\n\t\t\t\t<h3 class=\"elementor-icon-box-title\">\n\t\t\t\t\t<span  >\n\t\t\t\t\t\tSat\u0131\u015f Sonras\u0131 Destek\t\t\t\t\t<\/span>\n\t\t\t\t<\/h3>\n\t\t\t\t\t\t\t\t\t<p class=\"elementor-icon-box-description\">\n\t\t\t\t\t\tSat\u0131\u015f sonras\u0131nda ya\u015fayabilece\u011finiz sorunlar ve ihtiyac\u0131n\u0131z olacak revizeler i\u00e7in her zaman yan\u0131n\u0131zday\u0131z. Her zaman yan\u0131n\u0131zday\u0131z.\t\t\t\t\t<\/p>\n\t\t\t\t\t\t\t<\/div>\n\t\t<\/div>\n\t\t\t\t<\/div>\n\t\t\t\t<\/div>\n\t\t\t\t\t<\/div>\n\t\t<\/div>\n\t\t\t\t\t\t\t<\/div>\n\t\t<\/div>\n\t\t\t\t\t<\/div>\n\t\t<\/div>\n\t\t\t\t\t\t\t<\/div>\n\t\t<\/div>\n\t\t\t\t<div class=\"elementor-section elementor-top-section elementor-element elementor-element-505ff0c elementor-section-stretched elementor-section-boxed elementor-section-height-default elementor-section-height-default\" data-id=\"505ff0c\" data-element_type=\"section\" data-settings=\"{&quot;stretch_section&quot;:&quot;section-stretched&quot;,&quot;background_background&quot;:&quot;classic&quot;}\">\n\t\t\t\t\t\t<div class=\"elementor-container elementor-column-gap-no\">\n\t\t\t\t\t<div class=\"elementor-column elementor-col-33 elementor-top-column elementor-element elementor-element-10279bf elementor-hidden-mobile_extra elementor-hidden-mobile\" data-id=\"10279bf\" data-element_type=\"column\">\n\t\t\t<div class=\"elementor-widget-wrap elementor-element-populated\">\n\t\t\t\t\t\t\t\t<div class=\"elementor-element elementor-element-a6c2125 elementor-widget__width-initial elementor-absolute elementor-widget elementor-widget-image\" data-id=\"a6c2125\" data-element_type=\"widget\" data-settings=\"{&quot;_position&quot;:&quot;absolute&quot;}\" data-widget_type=\"image.default\">\n\t\t\t\t<div class=\"elementor-widget-container\">\n\t\t\t\t\t\t\t\t\t\t\t\t\t\t\t<img decoding=\"async\" src=\"https:\/\/www.fezakalip.com\/wp-content\/uploads\/2023\/06\/altkadin.png\" title=\"altkad\u0131n\" alt=\"altkad\u0131n\" loading=\"lazy\" \/>\t\t\t\t\t\t\t\t\t\t\t\t\t\t\t<\/div>\n\t\t\t\t<\/div>\n\t\t\t\t\t<\/div>\n\t\t<\/div>\n\t\t\t\t<div class=\"elementor-column elementor-col-33 elementor-top-column elementor-element elementor-element-0fb8a9b\" data-id=\"0fb8a9b\" data-element_type=\"column\">\n\t\t\t<div class=\"elementor-widget-wrap elementor-element-populated\">\n\t\t\t\t\t\t\t\t<div class=\"elementor-element elementor-element-ad9670f elementor-widget elementor-widget-heading\" data-id=\"ad9670f\" data-element_type=\"widget\" data-widget_type=\"heading.default\">\n\t\t\t\t<div class=\"elementor-widget-container\">\n\t\t\t<style>\/*! elementor - v3.14.0 - 18-06-2023 *\/\n.elementor-heading-title{padding:0;margin:0;line-height:1}.elementor-widget-heading .elementor-heading-title[class*=elementor-size-]>a{color:inherit;font-size:inherit;line-height:inherit}.elementor-widget-heading .elementor-heading-title.elementor-size-small{font-size:15px}.elementor-widget-heading .elementor-heading-title.elementor-size-medium{font-size:19px}.elementor-widget-heading .elementor-heading-title.elementor-size-large{font-size:29px}.elementor-widget-heading .elementor-heading-title.elementor-size-xl{font-size:39px}.elementor-widget-heading .elementor-heading-title.elementor-size-xxl{font-size:59px}<\/style><h2 class=\"elementor-heading-title elementor-size-default\">Bizimle \u0130leti\u015fime Ge\u00e7in<\/h2>\t\t<\/div>\n\t\t\t\t<\/div>\n\t\t\t\t<div class=\"elementor-element elementor-element-90383cd elementor-widget elementor-widget-heading\" data-id=\"90383cd\" data-element_type=\"widget\" data-widget_type=\"heading.default\">\n\t\t\t\t<div class=\"elementor-widget-container\">\n\t\t\t<h4 class=\"elementor-heading-title elementor-size-default\">\u0130htiya\u00e7lar\u0131n\u0131z\u0131 birlikte belirleyelim<\/h4>\t\t<\/div>\n\t\t\t\t<\/div>\n\t\t\t\t<div class=\"elementor-element elementor-element-a858f33 elementor-widget__width-initial elementor-widget elementor-widget-text-editor\" data-id=\"a858f33\" data-element_type=\"widget\" data-widget_type=\"text-editor.default\">\n\t\t\t\t<div class=\"elementor-widget-container\">\n\t\t\t\t\t\t\t<div>\u0130htiyac\u0131n\u0131za en uygun \u00fcr\u00fcn\u00fc ve hizmeti size sunal\u0131m<\/div>\t\t\t\t\t\t<\/div>\n\t\t\t\t<\/div>\n\t\t\t\t\t<\/div>\n\t\t<\/div>\n\t\t\t\t<div class=\"elementor-column elementor-col-33 elementor-top-column elementor-element elementor-element-67b47d4\" data-id=\"67b47d4\" data-element_type=\"column\">\n\t\t\t<div class=\"elementor-widget-wrap elementor-element-populated\">\n\t\t\t\t\t\t\t\t<div class=\"elementor-element elementor-element-a3985ba elementor-align-right elementor-mobile-align-center elementor-widget__width-initial elementor-button-typo-default elementor-widget elementor-widget-button\" data-id=\"a3985ba\" data-element_type=\"widget\" data-widget_type=\"button.default\">\n\t\t\t\t<div class=\"elementor-widget-container\">\n\t\t\t\t\t<div class=\"elementor-button-wrapper\">\n\t\t\t<a class=\"elementor-button elementor-button-link elementor-size-sm\" href=\"http:\/\/www.fezakalip.com\/index.php\/contact\/\">\n\t\t\t\t\t\t<span class=\"elementor-button-content-wrapper\">\n\t\t\t\t\t\t<span class=\"elementor-button-icon elementor-align-icon-right\">\n\t\t\t\t<i aria-hidden=\"true\" class=\"autofiix-icon- autofiix-icon-right-long-arrow\"><\/i>\t\t\t<\/span>\n\t\t\t\t\t\t<span class=\"elementor-button-text\">\u0130leti\u015fime Ge\u00e7in<\/span>\n\t\t<\/span>\n\t\t\t\t\t<\/a>\n\t\t<\/div>\n\t\t\t\t<\/div>\n\t\t\t\t<\/div>\n\t\t\t\t\t<\/div>\n\t\t<\/div>\n\t\t\t\t\t\t\t<\/div>\n\t\t<\/div>\n\t\t\t\t\t\t\t<\/div>\n\t\t","protected":false},"excerpt":{"rendered":"<p>Feza Makine Kal\u0131p ; M\u00fc\u015fterilerimize y\u00fcksek kaliteli kal\u0131p \u00fcretimi ve m\u00fckemmel hizmet sunmay\u0131 taahh\u00fct ediyoruz. Kurulu\u015fumuz, modern teknolojiyle donat\u0131lm\u0131\u015f tesislerde, kalite odakl\u0131 bir yakla\u015f\u0131mla \u00e7al\u0131\u015fmaktad\u0131r. Tecr\u00fcbeli ekibimiz ve sekt\u00f6rdeki bilgi birikimimiz sayesinde, m\u00fc\u015fterilerimize en iyi \u00e7\u00f6z\u00fcmleri sunmay\u0131 ama\u00e7l\u0131yoruz. M\u00fc\u015fteri memnuniyeti, i\u015fimizin temel de\u011feridir ve hedefimizdir. Her bir m\u00fc\u015fterimizin ihtiya\u00e7lar\u0131n\u0131 anlamak ve beklentilerini a\u015fmak i\u00e7in \u00e7aba [&hellip;]<\/p>\n","protected":false},"author":1,"featured_media":0,"parent":0,"menu_order":0,"comment_status":"closed","ping_status":"closed","template":"template-homepage.php","meta":{"inline_featured_image":false},"_links":{"self":[{"href":"https:\/\/www.fezakalip.com\/index.php\/wp-json\/wp\/v2\/pages\/1873"}],"collection":[{"href":"https:\/\/www.fezakalip.com\/index.php\/wp-json\/wp\/v2\/pages"}],"about":[{"href":"https:\/\/www.fezakalip.com\/index.php\/wp-json\/wp\/v2\/types\/page"}],"author":[{"embeddable":true,"href":"https:\/\/www.fezakalip.com\/index.php\/wp-json\/wp\/v2\/users\/1"}],"replies":[{"embeddable":true,"href":"https:\/\/www.fezakalip.com\/index.php\/wp-json\/wp\/v2\/comments?post=1873"}],"version-history":[{"count":15,"href":"https:\/\/www.fezakalip.com\/index.php\/wp-json\/wp\/v2\/pages\/1873\/revisions"}],"predecessor-version":[{"id":8235,"href":"https:\/\/www.fezakalip.com\/index.php\/wp-json\/wp\/v2\/pages\/1873\/revisions\/8235"}],"wp:attachment":[{"href":"https:\/\/www.fezakalip.com\/index.php\/wp-json\/wp\/v2\/media?parent=1873"}],"curies":[{"name":"wp","href":"https:\/\/api.w.org\/{rel}","templated":true}]}}