
{"id":1871,"date":"2023-01-17T10:23:29","date_gmt":"2023-01-17T10:23:29","guid":{"rendered":"https:\/\/demo2wpopal.b-cdn.net\/autofiix\/?page_id=1871"},"modified":"2023-07-03T06:52:13","modified_gmt":"2023-07-03T06:52:13","slug":"pricing","status":"publish","type":"page","link":"https:\/\/www.fezakalip.com\/index.php\/about-us\/pricing\/","title":{"rendered":"Pricing"},"content":{"rendered":"\t\t<div data-elementor-type=\"wp-page\" data-elementor-id=\"1871\" class=\"elementor elementor-1871\">\n\t\t\t\t\t\t\t\t\t<section class=\"elementor-section elementor-top-section elementor-element elementor-element-c869ef3 elementor-section-boxed elementor-section-height-default elementor-section-height-default\" data-id=\"c869ef3\" data-element_type=\"section\">\n\t\t\t\t\t\t<div class=\"elementor-container elementor-column-gap-default\">\n\t\t\t\t\t<div class=\"elementor-column elementor-col-100 elementor-top-column elementor-element elementor-element-533c308\" data-id=\"533c308\" data-element_type=\"column\">\n\t\t\t<div class=\"elementor-widget-wrap elementor-element-populated\">\n\t\t\t\t\t\t\t\t<div class=\"elementor-element elementor-element-8407238 elementor-widget elementor-widget-image\" data-id=\"8407238\" data-element_type=\"widget\" data-widget_type=\"image.default\">\n\t\t\t\t<div class=\"elementor-widget-container\">\n\t\t\t<style>\/*! elementor - v3.14.0 - 18-06-2023 *\/\n.elementor-widget-image{text-align:center}.elementor-widget-image a{display:inline-block}.elementor-widget-image a img[src$=\".svg\"]{width:48px}.elementor-widget-image img{vertical-align:middle;display:inline-block}<\/style>\t\t\t\t\t\t\t\t\t\t\t\t<img decoding=\"async\" width=\"980\" height=\"265\" src=\"https:\/\/www.fezakalip.com\/wp-content\/uploads\/2023\/06\/misyon-vizyon-banner.png\" class=\"attachment-large size-large wp-image-8088\" alt=\"\" loading=\"lazy\" srcset=\"https:\/\/www.fezakalip.com\/wp-content\/uploads\/2023\/06\/misyon-vizyon-banner.png 1000w, https:\/\/www.fezakalip.com\/wp-content\/uploads\/2023\/06\/misyon-vizyon-banner-300x81.png 300w, https:\/\/www.fezakalip.com\/wp-content\/uploads\/2023\/06\/misyon-vizyon-banner-768x207.png 768w, https:\/\/www.fezakalip.com\/wp-content\/uploads\/2023\/06\/misyon-vizyon-banner-600x162.png 600w\" sizes=\"(max-width: 980px) 100vw, 980px\" \/>\t\t\t\t\t\t\t\t\t\t\t\t\t\t\t<\/div>\n\t\t\t\t<\/div>\n\t\t\t\t\t<\/div>\n\t\t<\/div>\n\t\t\t\t\t\t\t<\/div>\n\t\t<\/section>\n\t\t\t\t<section class=\"elementor-section elementor-top-section elementor-element elementor-element-3deb977 elementor-section-boxed elementor-section-height-default elementor-section-height-default\" data-id=\"3deb977\" data-element_type=\"section\">\n\t\t\t\t\t\t<div class=\"elementor-container elementor-column-gap-default\">\n\t\t\t\t\t<div class=\"elementor-column elementor-col-100 elementor-top-column elementor-element elementor-element-74a6c5b\" data-id=\"74a6c5b\" data-element_type=\"column\">\n\t\t\t<div class=\"elementor-widget-wrap elementor-element-populated\">\n\t\t\t\t\t\t\t\t<div class=\"elementor-element elementor-element-2d62227 elementor-widget__width-initial elementor-widget elementor-widget-text-editor\" data-id=\"2d62227\" data-element_type=\"widget\" data-widget_type=\"text-editor.default\">\n\t\t\t\t<div class=\"elementor-widget-container\">\n\t\t\t<style>\/*! elementor - v3.14.0 - 18-06-2023 *\/\n.elementor-widget-text-editor.elementor-drop-cap-view-stacked .elementor-drop-cap{background-color:#69727d;color:#fff}.elementor-widget-text-editor.elementor-drop-cap-view-framed .elementor-drop-cap{color:#69727d;border:3px solid;background-color:transparent}.elementor-widget-text-editor:not(.elementor-drop-cap-view-default) .elementor-drop-cap{margin-top:8px}.elementor-widget-text-editor:not(.elementor-drop-cap-view-default) .elementor-drop-cap-letter{width:1em;height:1em}.elementor-widget-text-editor .elementor-drop-cap{float:left;text-align:center;line-height:1;font-size:50px}.elementor-widget-text-editor .elementor-drop-cap-letter{display:inline-block}<\/style>\t\t\t\t<h5>Misyonumuz:<\/h5><p>Feza Makina Kal\u0131p olarak, kal\u0131p\u00e7\u0131l\u0131k sekt\u00f6r\u00fcnde m\u00fc\u015fterilerimize y\u00fcksek kaliteli ve yenilik\u00e7i \u00e7\u00f6z\u00fcmler sunmay\u0131 hedefliyoruz. Misyonumuz, m\u00fc\u015fterilerimizin taleplerini kar\u015f\u0131lamak ve beklentilerini a\u015fmak i\u00e7in s\u00fcrekli olarak kal\u0131p\u00e7\u0131l\u0131k teknolojilerindeki geli\u015fmeleri takip etmek ve en son teknikleri uygulamakt\u0131r. M\u00fc\u015fterilerimize m\u00fckemmel \u00fcr\u00fcnler sa\u011flamak i\u00e7in kal\u0131p tasar\u0131m\u0131, imalat\u0131 ve bak\u0131m\u0131 konular\u0131nda uzmanla\u015fm\u0131\u015f ekip ve kaynaklar\u0131m\u0131z\u0131 kullanarak sekt\u00f6rde \u00f6nc\u00fc bir \u015firket olmakt\u0131r.<\/p><h5>Vizyonumuz:<\/h5><p>Vizyonumuz, kal\u0131p\u00e7\u0131l\u0131k sekt\u00f6r\u00fcnde lider bir oyuncu olmak ve m\u00fc\u015fterilerimizin taleplerini en iyi \u015fekilde kar\u015f\u0131lamakt\u0131r. Gelecekte, Feza Makina Kal\u0131p olarak, m\u00fc\u015fterilerimizin rekabet\u00e7i olmas\u0131na yard\u0131mc\u0131 olacak yenilik\u00e7i ve verimli kal\u0131p \u00e7\u00f6z\u00fcmleri sunmay\u0131 hedefliyoruz. M\u00fc\u015fteri memnuniyetini ve uzun vadeli i\u015f ili\u015fkilerini \u00f6n planda tutarak, pazarda tan\u0131nm\u0131\u015f ve tercih edilen bir marka olmak i\u00e7in s\u00fcrekli olarak kalitemizi ve hizmetlerimizi geli\u015ftirmeye devam edece\u011fiz. Ayn\u0131 zamanda, \u00e7al\u0131\u015fanlar\u0131m\u0131za adil ve destekleyici bir \u00e7al\u0131\u015fma ortam\u0131 sa\u011flamay\u0131, toplumda s\u00fcrd\u00fcr\u00fclebilir bir etki yaratmay\u0131 ve \u00e7evresel sorumlulu\u011fumuzu yerine getirmeyi ama\u00e7l\u0131yoruz.<\/p><p>Feza Makina Kal\u0131p olarak, misyonumuzla vizyonumuzun birle\u015fimiyle, kal\u0131p\u00e7\u0131l\u0131k sekt\u00f6r\u00fcnde kalite, yenilik\u00e7ilik ve m\u00fc\u015fteri odakl\u0131l\u0131k konular\u0131nda \u00f6nc\u00fc bir rol oynamay\u0131 ama\u00e7l\u0131yoruz. M\u00fc\u015fterilerimize de\u011fer katmak, s\u00fcrd\u00fcr\u00fclebilir bir b\u00fcy\u00fcme sa\u011flamak ve sekt\u00f6rdeki en iyi uygulamalar\u0131 takip etmek i\u00e7in s\u00fcrekli olarak kendimizi geli\u015ftiriyoruz.<\/p>\t\t\t\t\t\t<\/div>\n\t\t\t\t<\/div>\n\t\t\t\t\t<\/div>\n\t\t<\/div>\n\t\t\t\t\t\t\t<\/div>\n\t\t<\/section>\n\t\t\t\t\t\t\t<\/div>\n\t\t","protected":false},"excerpt":{"rendered":"<p>Misyonumuz: Feza Makina Kal\u0131p olarak, kal\u0131p\u00e7\u0131l\u0131k sekt\u00f6r\u00fcnde m\u00fc\u015fterilerimize y\u00fcksek kaliteli ve yenilik\u00e7i \u00e7\u00f6z\u00fcmler sunmay\u0131 hedefliyoruz. Misyonumuz, m\u00fc\u015fterilerimizin taleplerini kar\u015f\u0131lamak ve beklentilerini a\u015fmak i\u00e7in s\u00fcrekli olarak kal\u0131p\u00e7\u0131l\u0131k teknolojilerindeki geli\u015fmeleri takip etmek ve en son teknikleri uygulamakt\u0131r. M\u00fc\u015fterilerimize m\u00fckemmel \u00fcr\u00fcnler sa\u011flamak i\u00e7in kal\u0131p tasar\u0131m\u0131, imalat\u0131 ve bak\u0131m\u0131 konular\u0131nda uzmanla\u015fm\u0131\u015f ekip ve kaynaklar\u0131m\u0131z\u0131 kullanarak sekt\u00f6rde \u00f6nc\u00fc bir \u015firket [&hellip;]<\/p>\n","protected":false},"author":1,"featured_media":0,"parent":1873,"menu_order":0,"comment_status":"closed","ping_status":"closed","template":"template-homepage.php","meta":{"inline_featured_image":false},"_links":{"self":[{"href":"https:\/\/www.fezakalip.com\/index.php\/wp-json\/wp\/v2\/pages\/1871"}],"collection":[{"href":"https:\/\/www.fezakalip.com\/index.php\/wp-json\/wp\/v2\/pages"}],"about":[{"href":"https:\/\/www.fezakalip.com\/index.php\/wp-json\/wp\/v2\/types\/page"}],"author":[{"embeddable":true,"href":"https:\/\/www.fezakalip.com\/index.php\/wp-json\/wp\/v2\/users\/1"}],"replies":[{"embeddable":true,"href":"https:\/\/www.fezakalip.com\/index.php\/wp-json\/wp\/v2\/comments?post=1871"}],"version-history":[{"count":16,"href":"https:\/\/www.fezakalip.com\/index.php\/wp-json\/wp\/v2\/pages\/1871\/revisions"}],"predecessor-version":[{"id":8228,"href":"https:\/\/www.fezakalip.com\/index.php\/wp-json\/wp\/v2\/pages\/1871\/revisions\/8228"}],"up":[{"embeddable":true,"href":"https:\/\/www.fezakalip.com\/index.php\/wp-json\/wp\/v2\/pages\/1873"}],"wp:attachment":[{"href":"https:\/\/www.fezakalip.com\/index.php\/wp-json\/wp\/v2\/media?parent=1871"}],"curies":[{"name":"wp","href":"https:\/\/api.w.org\/{rel}","templated":true}]}}