
{"id":1869,"date":"2023-01-17T10:23:06","date_gmt":"2023-01-17T10:23:06","guid":{"rendered":"https:\/\/demo2wpopal.b-cdn.net\/autofiix\/?page_id=1869"},"modified":"2023-06-23T20:34:56","modified_gmt":"2023-06-23T20:34:56","slug":"auto-repair-process","status":"publish","type":"page","link":"https:\/\/www.fezakalip.com\/index.php\/about-us\/auto-repair-process\/","title":{"rendered":"Auto Repair Process"},"content":{"rendered":"\t\t<div data-elementor-type=\"wp-page\" data-elementor-id=\"1869\" class=\"elementor elementor-1869\">\n\t\t\t\t\t\t\t\t\t<div class=\"elementor-section elementor-top-section elementor-element elementor-element-af124c7 elementor-section-stretched elementor-section-boxed elementor-section-height-default elementor-section-height-default\" data-id=\"af124c7\" data-element_type=\"section\" data-settings=\"{&quot;stretch_section&quot;:&quot;section-stretched&quot;}\">\n\t\t\t\t\t\t<div class=\"elementor-container elementor-column-gap-no\">\n\t\t\t\t\t<div class=\"elementor-column elementor-col-100 elementor-top-column elementor-element elementor-element-e29b3dc\" data-id=\"e29b3dc\" data-element_type=\"column\">\n\t\t\t<div class=\"elementor-widget-wrap elementor-element-populated\">\n\t\t\t\t\t\t\t\t<div class=\"elementor-element elementor-element-06cb0bb elementor-widget__width-initial elementor-widget elementor-widget-heading\" data-id=\"06cb0bb\" data-element_type=\"widget\" data-widget_type=\"heading.default\">\n\t\t\t\t<div class=\"elementor-widget-container\">\n\t\t\t<style>\/*! elementor - v3.14.0 - 18-06-2023 *\/\n.elementor-heading-title{padding:0;margin:0;line-height:1}.elementor-widget-heading .elementor-heading-title[class*=elementor-size-]>a{color:inherit;font-size:inherit;line-height:inherit}.elementor-widget-heading .elementor-heading-title.elementor-size-small{font-size:15px}.elementor-widget-heading .elementor-heading-title.elementor-size-medium{font-size:19px}.elementor-widget-heading .elementor-heading-title.elementor-size-large{font-size:29px}.elementor-widget-heading .elementor-heading-title.elementor-size-xl{font-size:39px}.elementor-widget-heading .elementor-heading-title.elementor-size-xxl{font-size:59px}<\/style><h2 class=\"elementor-heading-title elementor-size-default\">KALIPLARINIZI ONARIYORUZ<\/h2>\t\t<\/div>\n\t\t\t\t<\/div>\n\t\t\t\t\t<\/div>\n\t\t<\/div>\n\t\t\t\t\t\t\t<\/div>\n\t\t<\/div>\n\t\t\t\t<section class=\"elementor-section elementor-top-section elementor-element elementor-element-6f554e1 elementor-section-boxed elementor-section-height-default elementor-section-height-default\" data-id=\"6f554e1\" data-element_type=\"section\">\n\t\t\t\t\t\t<div class=\"elementor-container elementor-column-gap-default\">\n\t\t\t\t\t<div class=\"elementor-column elementor-col-33 elementor-top-column elementor-element elementor-element-d0437d7\" data-id=\"d0437d7\" data-element_type=\"column\">\n\t\t\t<div class=\"elementor-widget-wrap elementor-element-populated\">\n\t\t\t\t\t\t\t\t<div class=\"elementor-element elementor-element-5dd42b2 elementor-widget elementor-widget-image\" data-id=\"5dd42b2\" data-element_type=\"widget\" data-widget_type=\"image.default\">\n\t\t\t\t<div class=\"elementor-widget-container\">\n\t\t\t<style>\/*! elementor - v3.14.0 - 18-06-2023 *\/\n.elementor-widget-image{text-align:center}.elementor-widget-image a{display:inline-block}.elementor-widget-image a img[src$=\".svg\"]{width:48px}.elementor-widget-image img{vertical-align:middle;display:inline-block}<\/style>\t\t\t\t\t\t\t\t\t\t\t\t<img decoding=\"async\" width=\"980\" height=\"980\" src=\"https:\/\/www.fezakalip.com\/wp-content\/uploads\/2023\/06\/2-2-1024x1024.jpg\" class=\"attachment-large size-large wp-image-8152\" alt=\"\" loading=\"lazy\" srcset=\"https:\/\/www.fezakalip.com\/wp-content\/uploads\/2023\/06\/2-2-1024x1024.jpg 1024w, https:\/\/www.fezakalip.com\/wp-content\/uploads\/2023\/06\/2-2-300x300.jpg 300w, https:\/\/www.fezakalip.com\/wp-content\/uploads\/2023\/06\/2-2-150x150.jpg 150w, https:\/\/www.fezakalip.com\/wp-content\/uploads\/2023\/06\/2-2-768x768.jpg 768w, https:\/\/www.fezakalip.com\/wp-content\/uploads\/2023\/06\/2-2-600x600.jpg 600w, https:\/\/www.fezakalip.com\/wp-content\/uploads\/2023\/06\/2-2-100x100.jpg 100w, https:\/\/www.fezakalip.com\/wp-content\/uploads\/2023\/06\/2-2.jpg 1080w\" sizes=\"(max-width: 980px) 100vw, 980px\" \/>\t\t\t\t\t\t\t\t\t\t\t\t\t\t\t<\/div>\n\t\t\t\t<\/div>\n\t\t\t\t\t<\/div>\n\t\t<\/div>\n\t\t\t\t<div class=\"elementor-column elementor-col-66 elementor-top-column elementor-element elementor-element-9d00066\" data-id=\"9d00066\" data-element_type=\"column\">\n\t\t\t<div class=\"elementor-widget-wrap elementor-element-populated\">\n\t\t\t\t\t\t\t\t<div class=\"elementor-element elementor-element-57f02e1 elementor-widget elementor-widget-text-editor\" data-id=\"57f02e1\" data-element_type=\"widget\" data-widget_type=\"text-editor.default\">\n\t\t\t\t<div class=\"elementor-widget-container\">\n\t\t\t<style>\/*! elementor - v3.14.0 - 18-06-2023 *\/\n.elementor-widget-text-editor.elementor-drop-cap-view-stacked .elementor-drop-cap{background-color:#69727d;color:#fff}.elementor-widget-text-editor.elementor-drop-cap-view-framed .elementor-drop-cap{color:#69727d;border:3px solid;background-color:transparent}.elementor-widget-text-editor:not(.elementor-drop-cap-view-default) .elementor-drop-cap{margin-top:8px}.elementor-widget-text-editor:not(.elementor-drop-cap-view-default) .elementor-drop-cap-letter{width:1em;height:1em}.elementor-widget-text-editor .elementor-drop-cap{float:left;text-align:center;line-height:1;font-size:50px}.elementor-widget-text-editor .elementor-drop-cap-letter{display:inline-block}<\/style>\t\t\t\t<div class=\"flex-1 overflow-hidden\"><div class=\"react-scroll-to-bottom--css-wkewo-79elbk h-full dark:bg-gray-800\"><div class=\"react-scroll-to-bottom--css-wkewo-1n7m0yu\"><div class=\"flex flex-col text-sm dark:bg-gray-800\"><div class=\"group w-full text-gray-800 dark:text-gray-100 border-b border-black\/10 dark:border-gray-900\/50 bg-gray-50 dark:bg-[#444654]\"><div class=\"flex p-4 gap-4 text-base md:gap-6 md:max-w-2xl lg:max-w-[38rem] xl:max-w-3xl md:py-6 lg:px-0 m-auto\"><div class=\"relative flex w-[calc(100%-50px)] flex-col gap-1 md:gap-3 lg:w-[calc(100%-115px)]\"><div class=\"flex flex-grow flex-col gap-3\"><div class=\"min-h-[20px] flex items-start overflow-x-auto whitespace-pre-wrap break-words flex-col gap-4\"><div class=\"markdown prose w-full break-words dark:prose-invert dark\"><p>Kal\u0131p \u00fcretimi s\u00fcrecinde, kal\u0131plar\u0131n uzun \u00f6m\u00fcrl\u00fc olmas\u0131 ve y\u00fcksek performans\u0131 s\u00fcrd\u00fcrebilmesi b\u00fcy\u00fck \u00f6nem ta\u015f\u0131r. Feza Makine Kal\u0131p, m\u00fc\u015fteri memnuniyetini en \u00fcst d\u00fczeyde tutmak amac\u0131yla kal\u0131plar\u0131n onar\u0131m\u0131, bak\u0131m\u0131 ve servis hizmetleri konusunda kapsaml\u0131 bir hizmet yelpazesi sunmaktad\u0131r. M\u00fc\u015fterilerimize kal\u0131plar\u0131n\u0131n i\u015flevselli\u011fini ve verimlili\u011fini korumak i\u00e7in kalite standartlar\u0131n\u0131 a\u015fan tamiratlar ve profesyonel bak\u0131m hizmetleri sunarak kal\u0131p yat\u0131r\u0131mlar\u0131n\u0131 en \u00fcst d\u00fczeye \u00e7\u0131karmalar\u0131na yard\u0131mc\u0131 oluyoruz.<\/p><p>Kal\u0131p Onar\u0131m\u0131:<\/p><p>Feza Makine Kal\u0131p, uzman teknisyenleri ve son teknoloji ekipmanlar\u0131yla kal\u0131plar\u0131n\u0131z\u0131n onar\u0131m\u0131n\u0131 ger\u00e7ekle\u015ftirir. Hasar g\u00f6rm\u00fc\u015f veya a\u015f\u0131nm\u0131\u015f par\u00e7alar, \u00f6zenle incelenir ve gerekli tamiratlar yap\u0131l\u0131r. Ekipman\u0131m\u0131z, y\u00fcksek hassasiyetle \u00e7al\u0131\u015farak kal\u0131plar\u0131n\u0131z\u0131 ilk g\u00fcnk\u00fc performans\u0131na geri d\u00f6nd\u00fcrmeyi sa\u011flar. Kaliteli yedek par\u00e7a se\u00e7eneklerimiz ve uzman kadromuz, en zorlu onar\u0131m ihtiya\u00e7lar\u0131n\u0131 bile kar\u015f\u0131lamaktad\u0131r. Feza Makine Kal\u0131p, m\u00fc\u015fterilerine zaman\u0131nda ve etkili bir \u015fekilde kal\u0131plar\u0131n\u0131n onar\u0131m\u0131n\u0131 sunarak i\u015f s\u00fcreklili\u011fini maksimum d\u00fczeyde sa\u011flamay\u0131 hedefler.<\/p><p>Kal\u0131p Bak\u0131m\u0131:<\/p><p>Kal\u0131p bak\u0131m\u0131, kal\u0131plar\u0131n performans\u0131n\u0131n ve kullan\u0131m \u00f6mr\u00fcn\u00fcn art\u0131r\u0131lmas\u0131 i\u00e7in hayati bir \u00f6neme sahiptir. Feza Makine Kal\u0131p, d\u00fczenli bak\u0131m programlar\u0131 ve uzman ekibiyle kal\u0131plar\u0131n\u0131z\u0131n en iyi \u015fekilde korunmas\u0131n\u0131 sa\u011flar. Kal\u0131plar\u0131n\u0131z\u0131n \u00e7al\u0131\u015fma ortam\u0131na ba\u011fl\u0131 olarak olu\u015fabilecek a\u015f\u0131nma, korozyon veya di\u011fer sorunlar\u0131 \u00f6nceden tespit eder ve \u00f6nleyici \u00f6nlemler al\u0131r. \u00d6zel ya\u011flama, temizlik ve ayarlamalar gibi i\u015flemler, kal\u0131plar\u0131n\u0131z\u0131n verimlili\u011fini art\u0131r\u0131r ve i\u015f s\u00fcre\u00e7lerinizin kesintisiz devam etmesini sa\u011flar.<\/p><p>Servis Hizmeti:<\/p><p>Feza Makine Kal\u0131p, m\u00fc\u015fterilerine kapsaml\u0131 bir servis hizmeti sunar. Uzman teknik ekibimiz, h\u0131zl\u0131 ve etkili \u00e7\u00f6z\u00fcmler \u00fcretmek i\u00e7in her zaman haz\u0131r\u0131z.Bize ula\u015f\u0131n ihtiyac\u0131n\u0131za uygun en do\u011fru \u00e7\u00f6z\u00fcm\u00fc size sunal\u0131m<\/p><\/div><\/div><\/div><\/div><\/div><\/div><\/div><\/div><\/div><\/div>\t\t\t\t\t\t<\/div>\n\t\t\t\t<\/div>\n\t\t\t\t\t<\/div>\n\t\t<\/div>\n\t\t\t\t\t\t\t<\/div>\n\t\t<\/section>\n\t\t\t\t<div class=\"elementor-section elementor-top-section elementor-element elementor-element-53e800c elementor-section-full_width elementor-section-stretched elementor-section-height-default elementor-section-height-default\" data-id=\"53e800c\" data-element_type=\"section\" data-settings=\"{&quot;stretch_section&quot;:&quot;section-stretched&quot;}\">\n\t\t\t\t\t\t<div class=\"elementor-container elementor-column-gap-no\">\n\t\t\t\t\t<div class=\"elementor-column elementor-col-100 elementor-top-column elementor-element elementor-element-337fc63\" data-id=\"337fc63\" data-element_type=\"column\">\n\t\t\t<div class=\"elementor-widget-wrap\">\n\t\t\t\t\t\t\t\t\t<\/div>\n\t\t<\/div>\n\t\t\t\t\t\t\t<\/div>\n\t\t<\/div>\n\t\t\t\t\t\t\t<\/div>\n\t\t","protected":false},"excerpt":{"rendered":"<p>KALIPLARINIZI ONARIYORUZ Kal\u0131p \u00fcretimi s\u00fcrecinde, kal\u0131plar\u0131n uzun \u00f6m\u00fcrl\u00fc olmas\u0131 ve y\u00fcksek performans\u0131 s\u00fcrd\u00fcrebilmesi b\u00fcy\u00fck \u00f6nem ta\u015f\u0131r. Feza Makine Kal\u0131p, m\u00fc\u015fteri memnuniyetini en \u00fcst d\u00fczeyde tutmak amac\u0131yla kal\u0131plar\u0131n onar\u0131m\u0131, bak\u0131m\u0131 ve servis hizmetleri konusunda kapsaml\u0131 bir hizmet yelpazesi sunmaktad\u0131r. M\u00fc\u015fterilerimize kal\u0131plar\u0131n\u0131n i\u015flevselli\u011fini ve verimlili\u011fini korumak i\u00e7in kalite standartlar\u0131n\u0131 a\u015fan tamiratlar ve profesyonel bak\u0131m hizmetleri sunarak kal\u0131p [&hellip;]<\/p>\n","protected":false},"author":1,"featured_media":0,"parent":1873,"menu_order":0,"comment_status":"closed","ping_status":"closed","template":"template-homepage.php","meta":{"inline_featured_image":false},"_links":{"self":[{"href":"https:\/\/www.fezakalip.com\/index.php\/wp-json\/wp\/v2\/pages\/1869"}],"collection":[{"href":"https:\/\/www.fezakalip.com\/index.php\/wp-json\/wp\/v2\/pages"}],"about":[{"href":"https:\/\/www.fezakalip.com\/index.php\/wp-json\/wp\/v2\/types\/page"}],"author":[{"embeddable":true,"href":"https:\/\/www.fezakalip.com\/index.php\/wp-json\/wp\/v2\/users\/1"}],"replies":[{"embeddable":true,"href":"https:\/\/www.fezakalip.com\/index.php\/wp-json\/wp\/v2\/comments?post=1869"}],"version-history":[{"count":4,"href":"https:\/\/www.fezakalip.com\/index.php\/wp-json\/wp\/v2\/pages\/1869\/revisions"}],"predecessor-version":[{"id":8155,"href":"https:\/\/www.fezakalip.com\/index.php\/wp-json\/wp\/v2\/pages\/1869\/revisions\/8155"}],"up":[{"embeddable":true,"href":"https:\/\/www.fezakalip.com\/index.php\/wp-json\/wp\/v2\/pages\/1873"}],"wp:attachment":[{"href":"https:\/\/www.fezakalip.com\/index.php\/wp-json\/wp\/v2\/media?parent=1869"}],"curies":[{"name":"wp","href":"https:\/\/api.w.org\/{rel}","templated":true}]}}